{"id":10275,"date":"2022-03-23T16:43:10","date_gmt":"2022-03-23T15:43:10","guid":{"rendered":"https:\/\/laughing-dubinsky.51-222-155-189.plesk.page\/?page_id=10275"},"modified":"2025-03-12T16:58:10","modified_gmt":"2025-03-12T15:58:10","slug":"alicost-termini-condizioni","status":"publish","type":"page","link":"https:\/\/www.quickferries.com\/it\/condizioni-compagnie-di-navigazione\/alicost-termini-condizioni\/","title":{"rendered":"Alicost"},"content":{"rendered":"<div class=\"wpb-content-wrapper\"><p>[vc_row][vc_column][vc_column_text]<\/p>\n<h2><strong>1. CONDIZIONI GENERALI DI TRASPORTO<\/strong><\/h2>\n<p>Le presenti condizioni indicano le norme da applicare per il trasporto dei passeggeri e dei loro effetti sulle unit\u00e0 appartenenti alla Societ\u00e0 di navigazione Alicost. Tali norme sono da intendersi accettate integralmente, da parte del passeggero, all\u2019atto dell\u2019acquisto del titolo di viaggio che ne fa espresso richiamo. Il contratto ha ad oggetto il trasporto cos\u00ec come disciplinato dagli articoli 396 e seguenti del codice della navigazione e dal Regolamento Europeo 1177\/2010. L\u2019indicazione della nave che eseguir\u00e0 il trasporto \u00e8 meramente indicativa essendo possibile la sostituzione con altra nave. Il vettore non \u00e8 responsabile per danni da ritardo o da mancata o inesatta esecuzione del trasporto qualora l\u2019evento derivi da caso fortuito, forza maggiore, condizioni meteo-marine avverse, scioperi e guasti tecnici costituenti forza maggiore o altre cause ad esso non imputabile. In presenza di avvenimenti che possano compromettere la sicurezza della nave e\/o dei passeggeri, il Comandante della nave ha facolt\u00e0 di modificare l\u2019itinerario. Le tariffe e le condizioni pubblicizzate possono subire modifiche fino al momento dell\u2019emissione del biglietto. Per quanto non previsto dalle presenti condizioni in merito al regime di responsabilit\u00e0 in relazione al trasporto dei passeggeri, si fa espresso rinvio alle vigenti norme del codice della navigazione. Sino allo sbarco, i passeggeri sono responsabili dei propri bagagli e di quanto in esso contenuto. I tempi di traversata sono indicativi e calcolati sulla base della distanza fra i porti, in condizioni meteomarine favorevoli. La Societ\u00e0 non potr\u00e0 essere ritenuta responsabile di ritardi dovuti alle operazioni portuali.<\/p>\n<h2><strong>2. BIGLIETTI<\/strong><\/h2>\n<p>Condizione necessaria per viaggiare sulle Alicost \u00e8 che il passeggero sia munito di regolare titolo di viaggio (biglietto) acquistabile presso tutti i punti di vendita autorizzati e anche via internet. Il biglietto costituisce contratto di trasporto e deve essere conservato per tutta la durata del viaggio. Se il biglietto indica il nome del passeggero come d\u2019obbligo per particolari percorsi o anche se, in mancanza di tale indicazione, esso non pu\u00f2 essere ceduto senza espresso consenso del vettore. La presentazione del titolo di viaggio d\u00e0 diritto all\u2019imbarco ed al trasporto fino alla destinazione di arrivo; nel caso per\u00f2 che, a giudizio insindacabile del Comandante, della Societ\u00e0 di Navigazione o delle Autorit\u00e0 competenti, sussistano motivi di sicurezza tali da impedirne l\u2019imbarco, il passeggero se ne vedr\u00e0 negare il consenso. Il titolo di viaggio \u00e8 valido unicamente per la sola corsa in esso indicata. I biglietti non utilizzati entro la data di partenza perderanno la validit\u00e0 senza diritto di rimborso. Alicost S.p.A. Salita Sopramuro 2, 84011 Amalfi (SA) Tel. +39.089.87.14.83 \/ 873.60.12 \u2013 Fax +39.089.87.39.84 P. IVA 03165520655 \u2013 Iscrizione C.C.I.A.A. Salerno 263505 E-mail: booking@alicost.com<\/p>\n<h2><strong>3. BIGLIETTI SMARRITI O RUBATI<\/strong><\/h2>\n<p>In caso di furto, perdita o smarrimento del biglietto, il passeggero \u00e8 tenuto a farne denuncia agli organi di P.S. e darne tempestiva notizia alla Societ\u00e0. Il passeggero dovr\u00e0 consegnare all\u2019Ufficio o Agenzia della Societ\u00e0 copia della denuncia presentata alla competente autorit\u00e0 e corrispondere il prezzo di un nuovo biglietto di passaggio. Se il biglietto smarrito\/rubato non viene utilizzato entro sei mesi dalla data di partenza in esso indicata, la Societ\u00e0 provveder\u00e0 al rimborso del prezzo originariamente corrisposto dal passeggero.<\/p>\n<h2><strong>4. PASSEGGERI PRIVI O NON AVENTI DIRITTO AL TITOLO DI VIAGGIO<\/strong><\/h2>\n<p>Il passeggero che non sia in grado di esibire il titolo di viaggio sar\u00e0 soggetto al pagamento delle sanzioni amministrative previste dalla Legge Regionale n\u00b013 del 13\/08\/1998 (la sanzione amministrativa \u00e8 pari a 100 volte l\u2019importo del titolo di viaggio dovuto e comunque non inferiore a \u20ac 77,47). Nel caso di utilizzo improprio del titolo di viaggio sar\u00e0 applicata la sanzione di cui sopra. La non comunicazione immediata della mancanza del biglietto, all\u2019atto dell\u2019imbarco, comporta il sanzionamento amministrativo dovuto per la mancanza dello stesso.<\/p>\n<h2><strong>5. TARIFFE<\/strong><\/h2>\n<p>Le tariffe applicate dalle Societ\u00e0 di Navigazione Alicost sono riportate sui siti aziendali e sono disponibili presso le biglietterie della Societ\u00e0 e i comandi di bordo. I minori di anni 18 possono viaggiare sulle unit\u00e0 Alicost se accompagnati da persona di maggiore et\u00e0. Per i bambini di et\u00e0 inferiore ai 3 anni non viene applicato alcun onere tariffario ma viene emesso il titolo di viaggio. Il possesso del titolo di viaggio in qualsiasi modo acquisito non esime il passeggero dal rispetto delle norme indicate nel presente Regolamento n\u00e9 dal rispetto delle Leggi ed Atti di Governo per come applicabili durante il trasporto a bordo delle unit\u00e0 della Societ\u00e0. La Societ\u00e0 consente l\u2019acquisto dei titoli di viaggio anche nelle giornate che precedono quella della partenza \u2013 tramite i suoi punti di vendita e via internet \u2013 applicando alla tariffa la maggiorazione che include il diritto di prenotazione.<\/p>\n<h2><strong>6. PRESENTAZIONE ALL\u2019IMBARCO<\/strong><\/h2>\n<p>Prima dell\u2019imbarco i passeggeri devono mostrare al personale preposto il proprio documento di riconoscimento in corso di validit\u00e0 &#8211; In mancanza le autorit\u00e0 preposte al controllo, non potranno autorizzare l\u2019imbarco. Al passeggero minore (anche se accompagnato) &#8211; SPROVVISTO &#8211; di un valido documento di identit\u00e0, sar\u00e0 negato l\u2019imbarco. Il passeggero, munito di titolo di viaggio, \u00e8 tenuto a presentarsi all\u2019imbarco con almeno 15\u2019 di anticipo sull\u2019orario della partenza. Il mancato rispetto dei tempi stabiliti determina la possibilit\u00e0 della Compagnia di impedire l\u2019accesso a bordo dell\u2019utente qualora vengano meno le condizioni di sicurezza garantite dai tempi stessi. Egli deve inoltre rispettare le modalit\u00e0 e le procedure previste per il transito sulla banchina e per l\u2019accesso a bordo osservando pedissequamente le indicazioni affisse allo scopo e mantenendo un comportamento civile e rispettoso nei riguardi degli altri passeggeri, del personale di bordo e di quello addetto al pontile, nonch\u00e9 delle norme di sicurezza e di igiene pubblica evitando scavalcamenti di transenne e getto di oggetti in terra o in mare o al di fuori degli appositi cestelli predisposti per la raccolta dei rifiuti. \u00c8 tassativamente richiesto che siano rispettati gli ordini di imbarco e che siano rispettate le indicazioni fornite dal personale operante in banchina. Ogni inadempimento comporter\u00e0 se necessario, oltre all\u2019eventuale richiamo da parte del personale preposto ai controlli nelle aree di imbarco, l\u2019intervento delle Forze dell\u2019Ordine immediatamente convocate per le azioni di competenza.<\/p>\n<h2><strong>7. COMPORTAMENTO DEL PASSEGGERO A BORDO<\/strong><\/h2>\n<p>Il passeggero \u00e8 tenuto a mantenere un comportamento civile e rispettoso evitando qualsiasi atteggiamento offensivo o lesivo nei confronti degli altri viaggiatori e del personale addetto alla navigazione nonch\u00e9 delle norme di sicurezza e di igiene pubblica. Egli non deve in particolare imbrattare i sedili e gli arredi n\u00e9 gettare oggetti a terra o in mare o al di fuori degli appositi contenitori predisposti per la raccolta dei rifiuti, deve usare i servizi igienici senza provocare intasamento o imbrattamento, deve osservare le disposizioni impartite dal bordo durante la navigazione. Egli inoltre non deve occupare pi\u00f9 di un posto a sedere per singola persona tenendo conto che l\u2019acquisto del titolo di viaggio non costituisce diritto automatico a riguardo della disponibilit\u00e0 di posto a sedere ed essendo la capacit\u00e0 della nave, in termini di numero massimo di persone trasportabili, determinata in base alle specifiche normative vigenti. Ogni inadempimento comporter\u00e0 se necessario, oltre all\u2019eventuale richiamo da parte del personale preposto ai controlli a bordo, l\u2019intervento delle Forze dell\u2019Ordine che potranno essere convocate per le azioni di competenza. Alicost S.p.A. Salita Sopramuro 2, 84011 Amalfi (SA) Tel. +39.089.87.14.83 \/ 873.60.12 \u2013 Fax +39.089.87.39.84 P. IVA 03165520655 \u2013 Iscrizione C.C.I.A.A. Salerno 263505 E-mail: booking@alicost.com<\/p>\n<h2><strong>8. BAGAGLI<\/strong><\/h2>\n<p>iascun passeggero pu\u00f2 portare a bordo gratuitamente un unico bagaglio avente dimensioni massime pari a 50 x 35 x 20 (cm) e peso non superiore a 9 Kg. Per i bagagli aggiuntivi e per i bagagli eccedenti in dimensioni e\/ o in peso quelle dinanzi riportate saranno applicate delle tariffe accessorie le cui entit\u00e0 sono determinate in funzione dell\u2019ingombro e del peso del bagaglio in eccesso. \u00c8 posto a carico dell\u2019utente l\u2019obbligo di verificare e prendere visione del limite del peso e dimensione del bagaglio e munirsi del relativo biglietto. Detti bagagli saranno debitamente registrati con apposito contrassegno applicato sul bagaglio stesso con corrispondente evidenza da consegnare al passeggero all\u2019atto della bigliettazione. In caso di bagagli sprovvisti di apposito biglietto di acquisto valido per l\u2019imbarco e relativo contrassegno sar\u00e0 applicata una sanzione amministrativa come indicata nel punto 4. La Societ\u00e0 Armatrice o il Comando di bordo possono a loro discrezione rifiutare l\u2019imbarco di bagagli il cui ingombro o il cui peso costituiscano impedimento per una buona navigazione. Qualsiasi reclamo implicante danneggiamenti o perdite di capi di bagaglio imputabili al vettore sar\u00e0 trattato secondo quanto disposto dagli artt. 412, 413 e 414 del Codice della Navigazione, Capo III, Sez.I. (rimborso entro il limite massimo di euro 6,2 per chilogrammo di bagaglio). I reclami riguardanti le perdite o il danneggiamento del bagaglio dovranno essere avanzati al momento dello sbarco e dovranno essere accompagnati dai comprovanti relativi alla sua dichiarazione fatta all\u2019atto dell\u2019imbarco, per come ricevuti dal punto vendita. Non saranno accettati reclami riguardanti perdite o danneggiamenti di bagaglio se non accompagnati da comprovanti ed avanzati prima dello sbarco in contraddittorio con il personale della Societ\u00e0. Il personale di bordo potr\u00e0 all\u2019occorrenza prestare aiuto al passeggero nelle fasi di imbarco e sbarco del bagaglio fermo restando che il servizio di facchinaggio resta a carico di quest\u2019ultimo. Eventuali bagagli lasciati a bordo o nella zona d\u2019imbarco senza custodia e non reclamati da alcun passeggero avente titolo di ritiro saranno custoditi in luogo ritenuto idoneo da parte della Societ\u00e0 Armatrice per un periodo massimo di 30 giorni (presso Terminal Salerno) trascorso infruttuosamente tale termine gli oggetti rinvenuti e non reclamati saranno consegnati al Sindaco del Comune ove \u00e8 avvenuto il ritrovamento ma sar\u00e0 in ogni caso provveduto gi\u00e0 all\u2019atto del ritrovamento, se previsto dalle procedure relative alla prevenzione dagli atti illeciti o anche se ritenuto opportuno dal Comandante dell\u2019unit\u00e0 o dal personale preposto alla vigilanza delle aree di imbarco, ad informare le Forze dell\u2019Ordine perch\u00e9 queste possano mettere in atto i provvedimenti del caso.<\/p>\n<h2><strong>9. ANIMALI DOMESTICI<\/strong><\/h2>\n<p>Sulle unit\u00e0 della Societ\u00e0 \u00e8 consentito l\u2019imbarco di animali domestici alle seguenti condizioni:<\/p>\n<p>&#8211; per ogni passeggero viene consentito l\u2019imbarco di un unico animale;<\/p>\n<p>&#8211; l\u2019animale deve essere definibile quale \u201cdomestico\u201d nel senso adoperato per accezione comune; s\u2019intendono pertanto quali animali domestici come cani, gatti, volatili da gabbia e simili;<\/p>\n<p>&#8211; l\u2019animale deve essere di taglia piccola o media; per animali di taglia particolarmente grossa potr\u00e0 essere negato l\u2019imbarco o accettato a condizione che il trasporto avvenga a condizioni particolari tali da non arrecare fastidio o danno ai passeggeri;<\/p>\n<p>&#8211; i cani dovranno essere muniti di guinzaglio e museruola;<\/p>\n<p>&#8211; la presenza dell\u2019animale dovr\u00e0 essere preventivamente denunciata all\u2019atto dell\u2019acquisto del biglietto;<\/p>\n<p>&#8211; al biglietto sar\u00e0 applicato un sovrapprezzo;<\/p>\n<p>&#8211; potranno essere eventualmente richieste, quali condizioni necessarie per l\u2019imbarco, certificazioni sanitarie attestanti lo stato di buona salute e di vaccinazione dell\u2019animale; in tal caso la data di rilascio di tali certificazioni non dovr\u00e0 essere antecedente i tre mesi rispetto a quella della bigliettazione. In caso di animali sprovvisti di apposito biglietto di acquisto valido per l\u2019imbarco sar\u00e0 applicata una sanzione amministrativa come indicata nel punto 4.<\/p>\n<h2><strong>10. RITARDO DELLA PARTENZA \u2013 INTERRUZIONE DEL VIAGGIO \u2013 RITARDO DELL\u2019ORARIO DI ARRIVO<\/strong><\/h2>\n<p>La soppressione, il ritardo della partenza e l\u2019interruzione del viaggio sono disciplinati rispettivamente dagli articoli 403, 404 e 405 del codice della navigazione. Gli orari di arrivo, ove previsti, sono da intendersi indicativi e potranno subire variazioni in conseguenza delle condizioni meteo-marine, del traffico portuale, di limitazioni imposte dalle competenti autorit\u00e0 o di altri enti non imputabili alla Societ\u00e0.<\/p>\n<p><strong>11. IMPEDIMENTO DELLA NAVE \u2013 SOPPRESSIONE DELLA PARTENZA \u2013 MUTAMENTO DI ITINERARIO<\/strong><\/p>\n<p>Nel caso in cui la partenza sia soppressa per iniziativa della Societ\u00e0 Armatrice ma per cause non a quest\u2019ultima imputabili, al passeggero \u00e8 dovuta la restituzione del prezzo del biglietto per come gi\u00e0 corrisposto. Nel caso invece in cui la soppressione della partenza sia determinata da giustificati motivi imputabili alla stessa Societ\u00e0 armatrice ed in cui il viaggio non possa essere effettuato con altre unit\u00e0 messe a disposizione del passeggero da parte della Societ\u00e0 stessa o se il passeggero non accetta di effettuare il viaggio con partenze successive a quella programmata, a quest\u2019ultimo sar\u00e0 dovuta la restituzione del prezzo del biglietto. In tal caso l\u2019eventuale risarcimento dei danni imputabili alla soppressione della partenza &#8211; nella misura non eccedente il doppio del prezzo netto al passaggio \u2013 potr\u00e0 avere luogo solo se tali danni potranno essere chiaramente comprovati. Alla stessa maniera saranno trattati eventuali mutamenti di itinerario o orari determinati da cause imputabili al vettore e per cui il passeggero rifiuti il passaggio.<\/p>\n<h2><strong>12. RIMBORSI<\/strong><\/h2>\n<p>La Societ\u00e0, in deroga all\u2019art. 400 cod. nav., concede al passeggero che non intenda o non possa pi\u00f9 partire la facolt\u00e0 di conseguire il rimborso di parte del prezzo di passaggio alle seguenti condizioni di penalit\u00e0: Per biglietti annullati fino a 10 giorni prima della partenza il rimborso sar\u00e0 del 90%; Per biglietti annullati fino a 2 giorni prima della partenza il rimborso sar\u00e0 del 50%; Per biglietti annullati nelle 48 ore prima della partenza non \u00e8 previsto alcun rimborso. I biglietti rilasciati con tariffe promozionali non sono rimborsabili. La comunicazione della rinuncia da parte del passeggero dovr\u00e0 essere notificata, per iscritto compilando l\u2019apposito form presente nell\u2019area personale, entro e non oltre 7 giorni dalla data di partenza. I rimborsi saranno effettuati mediante accredito sulla carta utilizzata per l\u2019acquisto, entro il 15\u00b0 giorno del mese successivo a quello in cui viene inoltrata la richiesta. Alicost concede ai passeggeri il diritto di modificare data\/orario\/tratta direttamente dall\u2019area personale annullando la vecchia prenotazione ed utilizzando il buono generato per una nuova prenotazione. Il buono ha validit\u00e0 fino al 31 ottobre dell\u2019anno in corso. Nel caso in cui a seguito delle modifiche vi sia una differenza di prezzo, il passeggero, ha l\u2019obbligo di pagare detta differenza. Il buono emesso potr\u00e0 essere rimborsato solo entro 7 gg dalla data di emissione , trascorso tale termine nessuna richiesta di rimborso potr\u00e0 essere accolta. Alicost S.p.A. Salita Sopramuro 2, 84011 Amalfi (SA) Tel. +39.089.87.14.83 \/ 873.60.12 \u2013 Fax +39.089.87.39.84 P. IVA 03165520655 \u2013 Iscrizione C.C.I.A.A. Salerno 263505 E-mail: booking@alicost.com<\/p>\n<h2><strong>13. MANCATA PARTENZA IMPUTABILE AL PASSEGGERO<\/strong><\/h2>\n<p>In caso di mancata partenza dovuta ad indisponibilit\u00e0 o ritardo del passeggero a questi non \u00e8 dovuto allo stesso alcun rimborso del titolo di viaggio. Per i ritardi o per le mancate partenze che le unit\u00e0 della Societ\u00e0 potranno venire a subire a causa del passeggero, saranno applicate le misure sanzionatorie a carico di quest\u2019ultimo secondo le modalit\u00e0 e nei termini previsti dalle Leggi di Stato e Normative vigenti.<\/p>\n<h2><strong>14. TARIFFE PROMOZIONALI<\/strong><\/h2>\n<p>Tutte le tariffe promozionali sono disponibili fino ad esaurimento dei posti e proposti automaticamente dai vari sistemi di prenotazione. Tali tariffe non sono rimborsabili.<\/p>\n<h2><strong>15. TASSE PORTUALI E DIRITTI DI PRENOTAZIONE<\/strong><\/h2>\n<p>Le tariffe in vigore sono al netto dei supplementi dovuti per eventuali incrementi del costo dei carburanti, per tasse e diritti portuali i cui importi sono suscettibili di variazione sino al momento dell\u2019emissione del biglietto. In caso di prenotazione, attraverso Call Center, biglietterie di scalo e Internet, al prezzo del biglietto si applica un diritto di prenotazione a passeggero a tratta. Tale diritto \u00e8 indicato prima del definitivo acquisto del titolo di viaggio. Per ogni passeggero, ove previsto sono altres\u00ec applicati i supplementi, di tassa e diritti portuali. I diritti di prenotazione non sono rimborsabili.<\/p>\n<h2><strong>16. TRASPORTO DI OGGETTI PERICOLOSI<\/strong><\/h2>\n<p>Il trasporto di oggetti pericolosi non \u00e8 consentito sulle unit\u00e0 appartenenti alla Societ\u00e0. Per alcuni tipi di oggetti possono essere richieste condizioni particolari vincolanti ai fini della loro accettazione a bordo. \u00c8 vietato in particolare il trasporto di armi di ogni tipo ad eccezione di quelle in dotazione personale alle Forze Armate ed alle Forze dell\u2019Ordine, il trasporto di oggetti contundenti, di sostanze catalogabili negli elenchi ufficiali delle merci pericolose, di liquidi combustibili, di sostanze stupefacenti, di altre sostanze il cui trasporto o la cui detenzione siano considerati illegali in base alle Leggi di Stato ed alle normative vigenti. In ogni caso, per qualsiasi dubbio, andr\u00e0 data comunicazione al Comandante a riguardo del contenuto del bagaglio che si intende trasportare.<\/p>\n<h2><strong>17. INFORMATIVA LEGGE SULLA PRIVACY<\/strong><\/h2>\n<p>In conformit\u00e0 all&#8217;art. 13 del D. Lgs. 196\/2003 (&#8220;Codice in materia di protezione dei dati personali&#8221;), Alicost Spa si impegna a non diffondere i dati da Lei forniti a terzi, registrandoli e conservandoli su supporti elettronici, protetti con le adeguate misure di sicurezza. I dati saranno trattati da Alicost Spa esclusivamente con modalit\u00e0 e procedure necessarie, al fine di fornirLe i servizi richiesti o di effettuare analisi statistiche interne. Il conferimento dei dati \u00e8 obbligatorio per poterLe permettere di accedere ai servizi offerti ed un eventuale rifiuto ne renderebbe impossibile l&#8217;adempimento. Ai sensi dell&#8217;art. 7 della legge 196\/03 il Cliente ha il diritto di richiedere la correzione, l&#8217;integrazione o la cancellazione dei propri dati contattando il n. telefonico 089871483 o tramite e-mail all&#8217;indirizzo: info@alicost.com o tramite lettera all&#8217;indirizzo di Alicost S.p.A. Salita Sopramuro 2, 84011 Amalfi (SA). Titolare del trattamento \u00e8 Alicost Spa nella figura del suo legale rappresentante.<\/p>\n<h2><strong>18. INFORMAZIONI SUI PASSEGGERI<\/strong><\/h2>\n<p>In ottemperanza al Decreto Legge n. 251 del 13\/10\/1999 a recepimento della Direttiva CEE 98\/41 del 18\/06\/1998 (relativa alla registrazione delle persone a bordo delle navi passeggeri) alle normative relative all\u2019applicazione del codice ISPS sulle norme antiterroristiche si comunica quanto segue: tutti i passeggeri in imbarco sono tenuti a comunicare al vettore eventuali informazioni relative alla propria necessit\u00e0 di particolari cure di assistenza in situazioni di emergenza. I passeggeri che necessitano assistenza per l\u2019imbarco (persone con difficolt\u00e0 motorie, ecc., sia automunite che a piedi) dovranno comunicarlo in fase di prenotazione, contattando per conoscere la disponibilit\u00e0 di idonee sistemazioni e\/o facilit\u00e0 di accesso a bordo, il Call center 089871483; inoltre sono tenuti a presentarsi all\u2019imbarco almeno con un\u2019ora di anticipo evidenziando detta necessit\u00e0 al personale di banchina e\/o al personale di bordo al fine di consentire l\u2019imbarco dell\u2019autovettura in prossimit\u00e0 di idonei accessi alla nave e l\u2019eventuale assistenza durante le operazioni di imbarco e sbarco. I passeggeri sono altres\u00ec tenuti a comunicare gi\u00e0 in fase di prenotazione le proprie generalit\u00e0 intese come: COGNOME, NOME o iniziale dello stesso, SESSO, CATEGORIA DI ET\u00c0 (neonato, bambino, adulto) oppure l\u2019et\u00e0 o l\u2019anno di nascita. Per tratte di minore distanza l\u2019obbligo della registrazione nominativa non sussiste. Nel caso di variazione dei dati sopra evidenziati tra il momento della prenotazione e il momento dell\u2019imbarco, i passeggeri sono obbligati a comunicare detti cambiamenti. I dati personali, raccolti ai sensi del presente articolo, sono conservati solo per il tempo necessario ai fini del citato decreto e\/o in ottemperanza a quanto disposto con il Decreto Legislativo n. 196\/2003.[\/vc_column_text][vc_btn title=&#8221;Torna indietro&#8221; color=&#8221;sky&#8221; align=&#8221;center&#8221; link=&#8221;url:https%3A%2F%2Fwww.quickferries.com%2Fit%2Fcondizioni-compagnie-di-navigazione%2F|title:Condizioni%20compagnie%20di%20navigazione&#8221;][vc_btn title=&#8221;English&#8221; color=&#8221;sky&#8221; align=&#8221;center&#8221; link=&#8221;url:https%3A%2F%2Fwww.quickferries.com%2Fwp-content%2Fuploads%2F2018%2F12%2FENG-CONDIZIONI-GENERALI-DI-TRASPORTO-ALICOST-2023.pdf|title:Condizioni%20compagnie%20di%20navigazione&#8221;][\/vc_column][\/vc_row]<\/p>\n<\/div>","protected":false},"excerpt":{"rendered":"<p>[vc_row][vc_column][vc_column_text] 1. CONDIZIONI GENERALI DI TRASPORTO Le presenti condizioni indicano le norme da applicare per il trasporto dei passeggeri e dei loro effetti sulle unit\u00e0 appartenenti alla Societ\u00e0 di navigazione Alicost. Tali norme sono da intendersi accettate integralmente, da parte del passeggero, all\u2019atto dell\u2019acquisto del titolo di viaggio che ne fa espresso richiamo. Il contratto [&hellip;]<\/p>\n","protected":false},"author":1,"featured_media":0,"parent":10272,"menu_order":0,"comment_status":"closed","ping_status":"closed","template":"","meta":{"_acf_changed":false,"footnotes":""},"class_list":["post-10275","page","type-page","status-publish","has-post-thumbnail","hentry","compagnia-alicost"],"acf":[],"_links":{"self":[{"href":"https:\/\/www.quickferries.com\/it\/wp-json\/wp\/v2\/pages\/10275","targetHints":{"allow":["GET"]}}],"collection":[{"href":"https:\/\/www.quickferries.com\/it\/wp-json\/wp\/v2\/pages"}],"about":[{"href":"https:\/\/www.quickferries.com\/it\/wp-json\/wp\/v2\/types\/page"}],"author":[{"embeddable":true,"href":"https:\/\/www.quickferries.com\/it\/wp-json\/wp\/v2\/users\/1"}],"replies":[{"embeddable":true,"href":"https:\/\/www.quickferries.com\/it\/wp-json\/wp\/v2\/comments?post=10275"}],"version-history":[{"count":12,"href":"https:\/\/www.quickferries.com\/it\/wp-json\/wp\/v2\/pages\/10275\/revisions"}],"predecessor-version":[{"id":13694,"href":"https:\/\/www.quickferries.com\/it\/wp-json\/wp\/v2\/pages\/10275\/revisions\/13694"}],"up":[{"embeddable":true,"href":"https:\/\/www.quickferries.com\/it\/wp-json\/wp\/v2\/pages\/10272"}],"wp:attachment":[{"href":"https:\/\/www.quickferries.com\/it\/wp-json\/wp\/v2\/media?parent=10275"}],"curies":[{"name":"wp","href":"https:\/\/api.w.org\/{rel}","templated":true}]}}