{"id":13237,"date":"2024-11-22T15:21:42","date_gmt":"2024-11-22T14:21:42","guid":{"rendered":"https:\/\/www.quickferries.com\/?page_id=13237"},"modified":"2024-11-27T16:38:57","modified_gmt":"2024-11-27T15:38:57","slug":"preventivo-traghetti-per-gruppi-e-autobus","status":"publish","type":"page","link":"https:\/\/www.quickferries.com\/it\/preventivo-traghetti-per-gruppi-e-autobus\/","title":{"rendered":"Preventivo traghetti per gruppi e autobus"},"content":{"rendered":"<div class=\"wpb-content-wrapper\"><p>[vc_row][vc_column][vc_column_text]Se vuoi richiedere informazioni e prezzi per viaggi di gruppo precostituiti da almeno 10 persone compila i campi sottostanti ed invia la tua richiesta di preventivo. Sarai contattato quanto prima dai nostri operatori che ti forniranno informazioni e tariffe speciali.[\/vc_column_text]\n<div class=\"wpcf7 no-js\" id=\"wpcf7-f13240-o1\" lang=\"it-IT\" dir=\"ltr\" data-wpcf7-id=\"13240\">\n<div class=\"screen-reader-response\"><p role=\"status\" aria-live=\"polite\" aria-atomic=\"true\"><\/p> <ul><\/ul><\/div>\n<form action=\"\/it\/wp-json\/wp\/v2\/pages\/13237#wpcf7-f13240-o1\" method=\"post\" class=\"wpcf7-form init\" aria-label=\"Modulo di contatto\" novalidate=\"novalidate\" data-status=\"init\">\n<fieldset class=\"hidden-fields-container\"><input type=\"hidden\" name=\"_wpcf7\" value=\"13240\" \/><input type=\"hidden\" name=\"_wpcf7_version\" value=\"6.1.5\" \/><input type=\"hidden\" name=\"_wpcf7_locale\" value=\"it_IT\" \/><input type=\"hidden\" name=\"_wpcf7_unit_tag\" value=\"wpcf7-f13240-o1\" \/><input type=\"hidden\" name=\"_wpcf7_container_post\" value=\"0\" \/><input type=\"hidden\" name=\"_wpcf7_posted_data_hash\" value=\"\" \/><input type=\"hidden\" name=\"_wpcf7_recaptcha_response\" value=\"\" \/>\n<\/fieldset>\n<div class=\"row\">\n\t<div id=\"biglietto_andata\" class=\"col-sm-12 sezioneRichiesta\">\n\t\t<p>I campi contrassegnati da asterisco (*) sono obbligatori.\n\t\t<\/p>\n\t<hr \/>\n\t\t<p><span id=\"testoAndata\" class=\"nomeSezione\">biglietto andata<\/span>\n\t\t<\/p>\n\t\t<div class=\"col-sm-3 campiForm\">\n\t\t\t<p><span id=\"testoCollegamentiAnd\">collegamenti da\/per *<\/span>\n\t\t\t<\/p>\n\t\t\t<p><span class=\"wpcf7-form-control-wrap\" data-name=\"destinazioneAndata\"><select class=\"wpcf7-form-control wpcf7-select wpcf7-validates-as-required form-control\" id=\"destinazioneAndata\" aria-required=\"true\" aria-invalid=\"false\" name=\"destinazioneAndata\"><option value=\"\">&#8212;Seleziona un&#039;opzione&#8212;<\/option><\/select><\/span>\n\t\t\t<\/p>\n\t\t<\/div>\n\t\t<div class=\"col-sm-3 campiForm\">\n\t\t\t<p><span id=\"testoTrattaAnd\">tratta *<\/span>\n\t\t\t<\/p>\n\t\t\t<p><span class=\"wpcf7-form-control-wrap\" data-name=\"andTratta\"><select class=\"wpcf7-form-control wpcf7-select wpcf7-validates-as-required form-control\" id=\"andTratta\" aria-required=\"true\" aria-invalid=\"false\" name=\"andTratta\"><option value=\"\">&#8212;Seleziona un&#039;opzione&#8212;<\/option><\/select><\/span>\n\t\t\t<\/p>\n\t\t<\/div>\n\t\t<div class=\"col-sm-3 campiForm data-lines\" id=\"datepickerA\">\n\t\t\t<p><span id=\"testoDataAndata\">data * <\/span>\n\t\t\t<\/p>\n\t\t\t<p><span class=\"wpcf7-form-control-wrap\" data-name=\"partenzaAndata\"><input class=\"wpcf7-form-control wpcf7-date wpcf7-validates-as-required wpcf7-validates-as-date form-control\" id=\"partenzaAndata\" min=\"2026-05-11\" aria-required=\"true\" aria-invalid=\"false\" value=\"\" type=\"date\" name=\"partenzaAndata\" \/><\/span>\n\t\t\t<\/p>\n\t\t<\/div>\n\t\t<div class=\"col-sm-3 campiForm\">\n\t\t\t<p><span id=\"testoOrarioAndata\">orario di partenza * <\/span>\n\t\t\t<\/p>\n\t\t\t<p><span class=\"wpcf7-form-control-wrap\" data-name=\"orarioAndata\"><select class=\"wpcf7-form-control wpcf7-select wpcf7-validates-as-required form-control\" id=\"orarioAndata\" aria-required=\"true\" aria-invalid=\"false\" name=\"orarioAndata\"><option value=\"\">&#8212;Seleziona un&#039;opzione&#8212;<\/option><option value=\"00-04\">00-04<\/option><option value=\"04-08\">04-08<\/option><option value=\"08-12\">08-12<\/option><option value=\"12-16\">12-16<\/option><option value=\"16-20\">16-20<\/option><option value=\"20-24\">20-24<\/option><\/select><\/span>\n\t\t\t<\/p>\n\t\t<\/div>\n\t<\/div>\n\t<div id=\"biglietto_ritorno\" class=\"col-sm-12 sezioneRichiesta\">\n\t<hr \/>\n\t\t<p><span id=\"testoRitorno\" class=\"nomeSezione\">biglietto ritorno<\/span>\n\t\t<\/p>\n\t\t<div class=\"col-sm-3 campiForm\">\n\t\t\t<p><span id=\"testoCollegamentiRit\">collegamenti da\/per<\/span>\n\t\t\t<\/p>\n\t\t\t<p><span class=\"wpcf7-form-control-wrap\" data-name=\"destinazioneRitorno\"><select class=\"wpcf7-form-control wpcf7-select wpcf7-validates-as-required form-control\" id=\"destinazioneRitorno\" aria-required=\"true\" aria-invalid=\"false\" name=\"destinazioneRitorno\"><option value=\"\">&#8212;Seleziona un&#039;opzione&#8212;<\/option><\/select><\/span>\n\t\t\t<\/p>\n\t\t<\/div>\n\t\t<div class=\"col-sm-3 campiForm\">\n\t\t\t<p><span id=\"testoTrattaRit\">tratta<\/span>\n\t\t\t<\/p>\n\t\t\t<p><span class=\"wpcf7-form-control-wrap\" data-name=\"ritTratta\"><select class=\"wpcf7-form-control wpcf7-select wpcf7-validates-as-required form-control\" id=\"ritTratta\" aria-required=\"true\" aria-invalid=\"false\" name=\"ritTratta\"><option value=\"\">&#8212;Seleziona un&#039;opzione&#8212;<\/option><\/select><\/span>\n\t\t\t<\/p>\n\t\t<\/div>\n\t\t<div class=\"col-sm-3 campiForm data-lines\" id=\"datepickerR\">\n\t\t\t<p><span id=\"testoDataRitorno\">data<\/span>\n\t\t\t<\/p>\n\t\t\t<p><span class=\"wpcf7-form-control-wrap\" data-name=\"partenzaRitorno\"><input class=\"wpcf7-form-control wpcf7-date wpcf7-validates-as-required wpcf7-validates-as-date form-control\" id=\"partenzaRitorno\" min=\"2026-05-11\" aria-required=\"true\" aria-invalid=\"false\" value=\"\" type=\"date\" name=\"partenzaRitorno\" \/><\/span>\n\t\t\t<\/p>\n\t\t<\/div>\n\t\t<div class=\"col-sm-3 campiForm\">\n\t\t\t<p><span id=\"testoOrarioRitorno\">orario di partenza<\/span>\n\t\t\t<\/p>\n\t\t\t<p><span class=\"wpcf7-form-control-wrap\" data-name=\"orarioRitorno\"><select class=\"wpcf7-form-control wpcf7-select wpcf7-validates-as-required form-control\" id=\"orarioRitorno\" aria-required=\"true\" aria-invalid=\"false\" name=\"orarioRitorno\"><option value=\"\">&#8212;Seleziona un&#039;opzione&#8212;<\/option><option value=\"00-04\">00-04<\/option><option value=\"04-08\">04-08<\/option><option value=\"08-12\">08-12<\/option><option value=\"12-16\">12-16<\/option><option value=\"16-20\">16-20<\/option><option value=\"20-24\">20-24<\/option><\/select><\/span>\n\t\t\t<\/p>\n\t\t<\/div>\n\t<\/div>\n\t<div id=\"dettagli_gruppo1\" class=\"col-sm-12 sezioneRichiesta\">\n\t<hr \/>\n\t\t<p><span id=\"dettagliGruppo\" class=\"nomeSezione\">dettagli gruppo<\/span>\n\t\t<\/p>\n\t\t<div class=\"col-sm-6 campiForm\">\n\t\t\t<p><span id=\"testoTotalePartecipanti\">totale partecipanti *<br \/>\n&nbsp;<\/span>\n\t\t\t<\/p>\n\t\t\t<div class=\"col-sm-4 campiForm\">\n\t\t\t\t<p><span class=\"wpcf7-form-control-wrap\" data-name=\"totPartecipanti\"><input class=\"wpcf7-form-control wpcf7-number wpcf7-validates-as-required wpcf7-validates-as-number form-control\" id=\"totPartecipanti\" min=\"2\" aria-required=\"true\" aria-invalid=\"false\" value=\"\" type=\"number\" name=\"totPartecipanti\" \/><\/span>\n\t\t\t\t<\/p>\n\t\t\t<\/div>\n\t\t<\/div>\n\t\t<div class=\"col-sm-3 campiForm\">\n\t\t\t<p><span id=\"testoAdulti\">adulti<br \/>\n(oltre 12 anni) <\/span>\n\t\t\t<\/p>\n\t\t\t<div class=\"col-sm-9 campiForm\">\n\t\t\t\t<p><span class=\"wpcf7-form-control-wrap\" data-name=\"adulti\"><input class=\"wpcf7-form-control wpcf7-number wpcf7-validates-as-required wpcf7-validates-as-number form-control\" id=\"adulti\" min=\"2\" aria-required=\"true\" aria-invalid=\"false\" value=\"\" type=\"number\" name=\"adulti\" \/><\/span>\n\t\t\t\t<\/p>\n\t\t\t<\/div>\n\t\t<\/div>\n\t\t<div class=\"col-sm-3 campiForm\">\n\t\t\t<p><span id=\"testoChild\">bambini<br \/>\n(fino a 12 anni) <\/span>\n\t\t\t<\/p>\n\t\t\t<div class=\"col-sm-9 campiForm\">\n\t\t\t\t<p><span class=\"wpcf7-form-control-wrap\" data-name=\"child\"><input class=\"wpcf7-form-control wpcf7-number wpcf7-validates-as-required wpcf7-validates-as-number form-control\" id=\"child\" min=\"2\" aria-required=\"true\" aria-invalid=\"false\" value=\"\" type=\"number\" name=\"child\" \/><\/span>\n\t\t\t\t<\/p>\n\t\t\t<\/div>\n\t\t<\/div>\n\t<\/div>\n\t<div id=\"dettagli_gruppo3\" class=\"col-sm-12 sezioneRichiesta boxUnder\">\n\t<hr \/>\n\t\t<div class=\"col-sm-12 campiForm\">\n\t\t\t<p><span id=\"testoSistemazione\">sistemazione preferita <i>(cabina, poltrona, ecc)<\/i> e tipologia gruppo <i>(gruppo aziendale, cral e simili, gita scolastica, auto\/moto raduni, ecc) <\/i>* <\/span>\n\t\t\t<\/p>\n\t\t<\/div>\n\t\t<div class=\"col-sm-12 campiForm\">\n\t\t\t<p><span class=\"wpcf7-form-control-wrap\" data-name=\"txtSistemazione\"><textarea cols=\"40\" rows=\"4\" maxlength=\"2000\" class=\"wpcf7-form-control wpcf7-textarea wpcf7-validates-as-required form-control\" id=\"txtSistemazione\" aria-required=\"true\" aria-invalid=\"false\" name=\"txtSistemazione\"><\/textarea><\/span>\n\t\t\t<\/p>\n\t\t<\/div>\n\t<\/div>\n\t<div id=\"dettagli_richiedente\" class=\"col-sm-12 sezioneRichiesta\">\n\t<hr \/>\n\t\t<p><span id=\"datiRichiedente\" class=\"nomeSezione\">DATI RICHIEDENTE<\/span>\n\t\t<\/p>\n\t\t<div class=\"col-sm-12 campiForm\">\n\t\t\t<div class=\"col-sm-4 campiForm\">\n\t\t\t\t<p><span id=\"testoNome\">nome *<\/span>\n\t\t\t\t<\/p>\n\t\t\t\t<p><span class=\"wpcf7-form-control-wrap\" data-name=\"nome\"><input size=\"40\" maxlength=\"400\" class=\"wpcf7-form-control wpcf7-text wpcf7-validates-as-required form-control\" id=\"nome\" aria-required=\"true\" aria-invalid=\"false\" value=\"\" type=\"text\" name=\"nome\" \/><\/span>\n\t\t\t\t<\/p>\n\t\t\t<\/div>\n\t\t\t<div class=\"col-sm-4 campiForm\">\n\t\t\t\t<p><span id=\"testoCognome\">cognome *<\/span>\n\t\t\t\t<\/p>\n\t\t\t\t<p><span class=\"wpcf7-form-control-wrap\" data-name=\"cognome\"><input size=\"40\" maxlength=\"400\" class=\"wpcf7-form-control wpcf7-text wpcf7-validates-as-required form-control\" id=\"cognome\" aria-required=\"true\" aria-invalid=\"false\" value=\"\" type=\"text\" name=\"cognome\" \/><\/span>\n\t\t\t\t<\/p>\n\t\t\t<\/div>\n\t\t\t<div class=\"col-sm-4 campiForm\">\n\t\t\t\t<p><span id=\"testoEmail\">e-mail *<\/span>\n\t\t\t\t<\/p>\n\t\t\t\t<p><span class=\"wpcf7-form-control-wrap\" data-name=\"email\"><input size=\"40\" maxlength=\"400\" class=\"wpcf7-form-control wpcf7-email wpcf7-validates-as-required wpcf7-text wpcf7-validates-as-email form-control\" id=\"email\" aria-required=\"true\" aria-invalid=\"false\" value=\"\" type=\"email\" name=\"email\" \/><\/span>\n\t\t\t\t<\/p>\n\t\t\t<\/div>\n\t\t<\/div>\n\t\t<div class=\"col-sm-12 campiForm andVeicoliClick\" id=\"secondaRiga\">\n\t\t\t<div class=\"col-sm-4 campiForm\">\n\t\t\t\t<p><span id=\"testoNazionalita\">nazionalit\u00e0 *<\/span>\n\t\t\t\t<\/p>\n\t\t\t\t<div class=\"col-sm-12 campiForm\" style=\"padding-right:0px;\">\n\t\t\t\t\t<p><span class=\"wpcf7-form-control-wrap\" data-name=\"selectNazionalita\"><select class=\"wpcf7-form-control wpcf7-select wpcf7-validates-as-required form-control\" id=\"selectNazionalita\" aria-required=\"true\" aria-invalid=\"false\" name=\"selectNazionalita\"><option value=\"\">&#8212;Seleziona un&#039;opzione&#8212;<\/option><option value=\"Afghanistan\">Afghanistan<\/option><option value=\"Albania\">Albania<\/option><option value=\"Algeria\">Algeria<\/option><option value=\"Andorra\">Andorra<\/option><option value=\"Angola\">Angola<\/option><option value=\"Antigua and Barbuda\">Antigua and Barbuda<\/option><option value=\"Arab Emirates\">Arab Emirates<\/option><option value=\"Argentina\">Argentina<\/option><option value=\"Armenia\">Armenia<\/option><option value=\"Australia\">Australia<\/option><option value=\"Austria\">Austria<\/option><option value=\"Azerbaijan\">Azerbaijan<\/option><option value=\"Bahamas\">Bahamas<\/option><option value=\"Bahrein\">Bahrein<\/option><option value=\"Bangladesh\">Bangladesh<\/option><option value=\"Barbados\">Barbados<\/option><option value=\"Belgium\">Belgium<\/option><option value=\"Belize\">Belize<\/option><option value=\"Benin\">Benin<\/option><option value=\"Bermuda\">Bermuda<\/option><option value=\"Bhutan\">Bhutan<\/option><option value=\"Bielorussia\">Bielorussia<\/option><option value=\"Bissau Guinea\">Bissau Guinea<\/option><option value=\"Bolivia\">Bolivia<\/option><option value=\"Bosnia and Herzegovina\">Bosnia and Herzegovina<\/option><option value=\"Bosnia Herzegivine\">Bosnia Herzegivine<\/option><option value=\"Botswana\">Botswana<\/option><option value=\"Brazil\">Brazil<\/option><option value=\"Brunei\">Brunei<\/option><option value=\"Bulgaria\">Bulgaria<\/option><option value=\"Burkida Phase\">Burkida Phase<\/option><option value=\"Burundi\">Burundi<\/option><option value=\"Cameroon\">Cameroon<\/option><option value=\"Canada\">Canada<\/option><option value=\"Cape Green\">Cape Green<\/option><option value=\"Cayman Island\">Cayman Island<\/option><option value=\"Central Africa R.\">Central Africa R.<\/option><option value=\"Chad\">Chad<\/option><option value=\"Chile\">Chile<\/option><option value=\"China\">China<\/option><option value=\"Cipro\">Cipro<\/option><option value=\"Colombia\">Colombia<\/option><option value=\"Comoro Isl.\">Comoro Isl.<\/option><option value=\"Comunit\u00e0 Europea\">Comunit\u00e0 Europea<\/option><option value=\"Congo\">Congo<\/option><option value=\"Croatia\">Croatia<\/option><option value=\"Croazia\">Croazia<\/option><option value=\"Cuba\">Cuba<\/option><option value=\"Czech Republic\">Czech Republic<\/option><option value=\"Denmark\">Denmark<\/option><option value=\"Deutschland\">Deutschland<\/option><option value=\"Djibouti\">Djibouti<\/option><option value=\"Dominica\">Dominica<\/option><option value=\"Dominican Republic\">Dominican Republic<\/option><option value=\"Ecuador\">Ecuador<\/option><option value=\"Egypt\">Egypt<\/option><option value=\"El Salvador\">El Salvador<\/option><option value=\"Espa\u00f1a\">Espa\u00f1a<\/option><option value=\"Estonia\">Estonia<\/option><option value=\"Ethiopia\">Ethiopia<\/option><option value=\"Falkland Isl\">Falkland Isl<\/option><option value=\"Federazione Russa\">Federazione Russa<\/option><option value=\"Fiji Islands\">Fiji Islands<\/option><option value=\"Filipins\">Filipins<\/option><option value=\"Finland\">Finland<\/option><option value=\"France\">France<\/option><option value=\"Gabon\">Gabon<\/option><option value=\"Gambia\">Gambia<\/option><option value=\"Georgia\">Georgia<\/option><option value=\"Ghana\">Ghana<\/option><option value=\"Gibraltar\">Gibraltar<\/option><option value=\"Graenada\">Graenada<\/option><option value=\"Greece\">Greece<\/option><option value=\"Groenlandia\">Groenlandia<\/option><option value=\"Guadalupa Isl\">Guadalupa Isl<\/option><option value=\"Guam Isl\">Guam Isl<\/option><option value=\"Guatemala\">Guatemala<\/option><option value=\"Guinea\">Guinea<\/option><option value=\"Guinea Eq\">Guinea Eq<\/option><option value=\"Honduras\">Honduras<\/option><option value=\"Hong Kong\">Hong Kong<\/option><option value=\"Hungary\">Hungary<\/option><option value=\"India\">India<\/option><option value=\"Indonesia\">Indonesia<\/option><option value=\"Iran\">Iran<\/option><option value=\"Iraq\">Iraq<\/option><option value=\"Ireland\">Ireland<\/option><option value=\"Isl Cook\">Isl Cook<\/option><option value=\"Isl Haiti\">Isl Haiti<\/option><option value=\"Isl Tong\">Isl Tong<\/option><option value=\"Isl Virgins\">Isl Virgins<\/option><option value=\"Islanda\">Islanda<\/option><option value=\"Israel\">Israel<\/option><option value=\"Italia\">Italia<\/option><option value=\"Ivory Cost\">Ivory Cost<\/option><option value=\"Jamaica\">Jamaica<\/option><option value=\"Japan\">Japan<\/option><option value=\"Jordan\">Jordan<\/option><option value=\"Jugoslavia\">Jugoslavia<\/option><option value=\"Kazakistan\">Kazakistan<\/option><option value=\"Kenya\">Kenya<\/option><option value=\"Kirghizistan\">Kirghizistan<\/option><option value=\"Kiribati\">Kiribati<\/option><option value=\"Korea Dem\">Korea Dem<\/option><option value=\"Kuwait\">Kuwait<\/option><option value=\"Kyrgyzstan\">Kyrgyzstan<\/option><option value=\"Laos\">Laos<\/option><option value=\"Lebanon\">Lebanon<\/option><option value=\"Lesotho\">Lesotho<\/option><option value=\"Lettonia\">Lettonia<\/option><option value=\"Liberia\">Liberia<\/option><option value=\"Libya\">Libya<\/option><option value=\"Liechtenstein\">Liechtenstein<\/option><option value=\"Lion Sierra\">Lion Sierra<\/option><option value=\"Lithuania\">Lithuania<\/option><option value=\"Luxemburg\">Luxemburg<\/option><option value=\"Macao\">Macao<\/option><option value=\"Macedonia\">Macedonia<\/option><option value=\"Madagascar\">Madagascar<\/option><option value=\"Malawi\">Malawi<\/option><option value=\"Malaya\">Malaya<\/option><option value=\"Maldives\">Maldives<\/option><option value=\"Mali\">Mali<\/option><option value=\"Malta\">Malta<\/option><option value=\"Martinique\">Martinique<\/option><option value=\"Mauritania\">Mauritania<\/option><option value=\"Mauritius\">Mauritius<\/option><option value=\"Mexico\">Mexico<\/option><option value=\"Micronesia\">Micronesia<\/option><option value=\"Moldavia\">Moldavia<\/option><option value=\"Monaco\">Monaco<\/option><option value=\"Mongolia\">Mongolia<\/option><option value=\"Montenegro\">Montenegro<\/option><option value=\"Morocco\">Morocco<\/option><option value=\"Mozambique\">Mozambique<\/option><option value=\"Namibia\">Namibia<\/option><option value=\"Nauru Isl\">Nauru Isl<\/option><option value=\"Nepal\">Nepal<\/option><option value=\"Netherlands\">Netherlands<\/option><option value=\"Netherlands Antilles\">Netherlands Antilles<\/option><option value=\"New Caledonia\">New Caledonia<\/option><option value=\"New Zeland\">New Zeland<\/option><option value=\"Nicaragua\">Nicaragua<\/option><option value=\"Niger\">Niger<\/option><option value=\"Nigeria\">Nigeria<\/option><option value=\"Norway\">Norway<\/option><option value=\"Oman\">Oman<\/option><option value=\"Other Country\">Other Country<\/option><option value=\"Pakistani\">Pakistani<\/option><option value=\"Panama\">Panama<\/option><option value=\"Papua N Guinea\">Papua N Guinea<\/option><option value=\"Paraguay\">Paraguay<\/option><option value=\"Per\u00f9\">Per\u00f9<\/option><option value=\"Polonia\">Polonia<\/option><option value=\"Polynesia Fr\">Polynesia Fr<\/option><option value=\"Portogallo\">Portogallo<\/option><option value=\"Portoric\">Portoric<\/option><option value=\"Qatar\">Qatar<\/option><option value=\"Resto Europa\">Resto Europa<\/option><option value=\"Rica Cost\">Rica Cost<\/option><option value=\"Romania\">Romania<\/option><option value=\"Russia\">Russia<\/option><option value=\"Rwanda\">Rwanda<\/option><option value=\"Samoa Isl\">Samoa Isl<\/option><option value=\"San Marino Republic\">San Marino Republic<\/option><option value=\"S\u00e3o Tom\u00e9 and Pr\u00edncipe\">S\u00e3o Tom\u00e9 and Pr\u00edncipe<\/option><option value=\"Saudi Arabia\">Saudi Arabia<\/option><option value=\"Seicelle Isl\">Seicelle Isl<\/option><option value=\"Senegal\">Senegal<\/option><option value=\"Serbia\">Serbia<\/option><option value=\"Singapore\">Singapore<\/option><option value=\"Slovakia\">Slovakia<\/option><option value=\"Slovakia Rep\">Slovakia Rep<\/option><option value=\"Slovenia\">Slovenia<\/option><option value=\"Solomon Isl\">Solomon Isl<\/option><option value=\"Somalia\">Somalia<\/option><option value=\"South\">South<\/option><option value=\"South Africa\">South Africa<\/option><option value=\"South Korea\">South Korea<\/option><option value=\"Sri Lanka\">Sri Lanka<\/option><option value=\"St Elena Isl\">St Elena Isl<\/option><option value=\"St Kitts Nevis Is\">St Kitts Nevis Is<\/option><option value=\"St Lucia Isl\">St Lucia Isl<\/option><option value=\"St Vicent Isl\">St Vicent Isl<\/option><option value=\"Suriname\">Suriname<\/option><option value=\"Swaziland\">Swaziland<\/option><option value=\"Sweden\">Sweden<\/option><option value=\"Switzerland\">Switzerland<\/option><option value=\"Syria\">Syria<\/option><option value=\"Tagikistan\">Tagikistan<\/option><option value=\"Taiwan\">Taiwan<\/option><option value=\"Tanzania\">Tanzania<\/option><option value=\"Thailand\">Thailand<\/option><option value=\"Togo\">Togo<\/option><option value=\"Trinidat &amp; Tobago\">Trinidat &amp; Tobago<\/option><option value=\"Tunisia\">Tunisia<\/option><option value=\"Turk &amp; Caicos\">Turk &amp; Caicos<\/option><option value=\"Turkey\">Turkey<\/option><option value=\"Turkmenistan\">Turkmenistan<\/option><option value=\"Tuvalu Isl\">Tuvalu Isl<\/option><option value=\"Uganda\">Uganda<\/option><option value=\"Ukraine\">Ukraine<\/option><option value=\"Ungheria\">Ungheria<\/option><option value=\"United Arab Emirates\">United Arab Emirates<\/option><option value=\"United Kingdom\">United Kingdom<\/option><option value=\"United States\">United States<\/option><option value=\"Uruguay\">Uruguay<\/option><option value=\"Uzbekistan\">Uzbekistan<\/option><option value=\"Venezuela\">Venezuela<\/option><option value=\"Vietnam Dem.\">Vietnam Dem.<\/option><option value=\"Wallis &amp; Futuna\">Wallis &amp; Futuna<\/option><option value=\"Yemen Arabus\">Yemen Arabus<\/option><option value=\"Yemen Rep Dem.\">Yemen Rep Dem.<\/option><option value=\"Zambia\">Zambia<\/option><option value=\"Zimbabwe\">Zimbabwe<\/option><\/select><\/span>\n\t\t\t\t\t<\/p>\n\t\t\t\t<\/div>\n\t\t\t<\/div>\n\t\t\t<div class=\"col-sm-4 campiForm\">\n\t\t\t\t<div class=\"col-sm-4 campiForm\">\n\t\t\t\t\t<p><span id=\"testoPrefisso\">prefisso *<\/span>\n\t\t\t\t\t<\/p>\n\t\t\t\t\t<p><span class=\"wpcf7-form-control-wrap\" data-name=\"prefisso\"><input size=\"40\" maxlength=\"400\" class=\"wpcf7-form-control wpcf7-text wpcf7-validates-as-required form-control\" id=\"prefisso\" aria-required=\"true\" aria-invalid=\"false\" value=\"+39\" type=\"text\" name=\"prefisso\" \/><\/span>\n\t\t\t\t\t<\/p>\n\t\t\t\t<\/div>\n\t\t\t\t<div class=\"col-sm-8 campiForm\" style=\"padding-right:0px;\">\n\t\t\t\t\t<p><span id=\"testoTelefono\">telefono *<\/span>\n\t\t\t\t\t<\/p>\n\t\t\t\t\t<p><span class=\"wpcf7-form-control-wrap\" data-name=\"telefono\"><input size=\"40\" maxlength=\"400\" class=\"wpcf7-form-control wpcf7-tel wpcf7-validates-as-required wpcf7-text wpcf7-validates-as-tel form-control\" id=\"telefono\" aria-required=\"true\" aria-invalid=\"false\" value=\"\" type=\"tel\" name=\"telefono\" \/><\/span>\n\t\t\t\t\t<\/p>\n\t\t\t\t<\/div>\n\t\t\t<\/div>\n\t\t<\/div>\n\t\t<div class=\"col-sm-12 campiForm\">\n\t\t\t<p><span id=\"testoNote\">note<\/span>\n\t\t\t<\/p>\n\t\t<\/div>\n\t\t<div class=\"col-sm-12 campiForm\">\n\t\t\t<p><span class=\"wpcf7-form-control-wrap\" data-name=\"boxNote\"><textarea cols=\"40\" rows=\"3\" maxlength=\"2000\" class=\"wpcf7-form-control wpcf7-textarea form-control\" id=\"boxNote\" aria-invalid=\"false\" name=\"boxNote\"><\/textarea><\/span>\n\t\t\t<\/p>\n\t\t<\/div>\n\t<\/div>\n<\/div>\n<p><span class=\"wpcf7-form-control-wrap\" data-name=\"acceptance-80\"><span class=\"wpcf7-form-control wpcf7-acceptance\"><span class=\"wpcf7-list-item\"><label><input type=\"checkbox\" name=\"acceptance-80\" value=\"1\" aria-invalid=\"false\" \/><span class=\"wpcf7-list-item-label\">*Acconsento all'utilizzo dei dati personali per gli scopi consentiti dalla legge ed esplicitati nella Vostra Informativa in materia di <a href=\"\/privacy-policy\/\" target=\"_blank\">Privacy e Privacy Policy<\/a> e accetto espressamente l'informativa<\/span><\/label><\/span><\/span><\/span>\n<\/p>\n<p>I campi contrassegnati da asterisco (*) sono obbligatori.\n<\/p>\n<div class=\"text-center\">\n\t<p><input class=\"wpcf7-form-control wpcf7-submit has-spinner btn btn-primary\" type=\"submit\" value=\"INVIA RICHIESTA\" \/>\n\t<\/p>\n<\/div><div class=\"wpcf7-response-output\" aria-hidden=\"true\"><\/div>\n<\/form>\n<\/div>\n[\/vc_column][\/vc_row]<\/p>\n<\/div>","protected":false},"excerpt":{"rendered":"<p>[vc_row][vc_column][vc_column_text]Se vuoi richiedere informazioni e prezzi per viaggi di gruppo precostituiti da almeno 10 persone compila i campi sottostanti ed invia la tua richiesta di preventivo. Sarai contattato quanto prima dai nostri operatori che ti forniranno informazioni e tariffe speciali.[\/vc_column_text][\/vc_column][\/vc_row]<\/p>\n","protected":false},"author":1,"featured_media":0,"parent":0,"menu_order":0,"comment_status":"closed","ping_status":"closed","template":"","meta":{"_acf_changed":false,"footnotes":""},"class_list":["post-13237","page","type-page","status-publish","has-post-thumbnail","hentry"],"acf":[],"_links":{"self":[{"href":"https:\/\/www.quickferries.com\/it\/wp-json\/wp\/v2\/pages\/13237","targetHints":{"allow":["GET"]}}],"collection":[{"href":"https:\/\/www.quickferries.com\/it\/wp-json\/wp\/v2\/pages"}],"about":[{"href":"https:\/\/www.quickferries.com\/it\/wp-json\/wp\/v2\/types\/page"}],"author":[{"embeddable":true,"href":"https:\/\/www.quickferries.com\/it\/wp-json\/wp\/v2\/users\/1"}],"replies":[{"embeddable":true,"href":"https:\/\/www.quickferries.com\/it\/wp-json\/wp\/v2\/comments?post=13237"}],"version-history":[{"count":4,"href":"https:\/\/www.quickferries.com\/it\/wp-json\/wp\/v2\/pages\/13237\/revisions"}],"predecessor-version":[{"id":13242,"href":"https:\/\/www.quickferries.com\/it\/wp-json\/wp\/v2\/pages\/13237\/revisions\/13242"}],"wp:attachment":[{"href":"https:\/\/www.quickferries.com\/it\/wp-json\/wp\/v2\/media?parent=13237"}],"curies":[{"name":"wp","href":"https:\/\/api.w.org\/{rel}","templated":true}]}}